{"id":138,"date":"2023-12-22T15:26:17","date_gmt":"2023-12-22T15:26:17","guid":{"rendered":"https:\/\/www.xn--spessart-biosphrenreservat-uhc.de\/?page_id=138"},"modified":"2023-12-22T15:26:52","modified_gmt":"2023-12-22T15:26:52","slug":"impressum","status":"publish","type":"page","link":"https:\/\/www.xn--spessart-biosphrenreservat-uhc.de\/?page_id=138","title":{"rendered":"Impressum"},"content":{"rendered":"\n<div id=\"ez-toc-container\" class=\"ez-toc-v2_0_82_2 counter-hierarchy ez-toc-counter ez-toc-transparent ez-toc-container-direction\">\n<div class=\"ez-toc-title-container\">\n<p class=\"ez-toc-title\" style=\"cursor:inherit\">Inhaltsverzeichnis<\/p>\n<span class=\"ez-toc-title-toggle\"><a href=\"#\" class=\"ez-toc-pull-right ez-toc-btn ez-toc-btn-xs ez-toc-btn-default ez-toc-toggle\" aria-label=\"Toggle Table of Content\"><span class=\"ez-toc-js-icon-con\"><span class=\"\"><span class=\"eztoc-hide\" style=\"display:none;\">Toggle<\/span><span class=\"ez-toc-icon-toggle-span\"><svg style=\"fill: #999;color:#999\" xmlns=\"http:\/\/www.w3.org\/2000\/svg\" class=\"list-377408\" width=\"20px\" height=\"20px\" viewBox=\"0 0 24 24\" fill=\"none\"><path d=\"M6 6H4v2h2V6zm14 0H8v2h12V6zM4 11h2v2H4v-2zm16 0H8v2h12v-2zM4 16h2v2H4v-2zm16 0H8v2h12v-2z\" fill=\"currentColor\"><\/path><\/svg><svg style=\"fill: #999;color:#999\" class=\"arrow-unsorted-368013\" xmlns=\"http:\/\/www.w3.org\/2000\/svg\" width=\"10px\" height=\"10px\" viewBox=\"0 0 24 24\" version=\"1.2\" baseProfile=\"tiny\"><path d=\"M18.2 9.3l-6.2-6.3-6.2 6.3c-.2.2-.3.4-.3.7s.1.5.3.7c.2.2.4.3.7.3h11c.3 0 .5-.1.7-.3.2-.2.3-.5.3-.7s-.1-.5-.3-.7zM5.8 14.7l6.2 6.3 6.2-6.3c.2-.2.3-.5.3-.7s-.1-.5-.3-.7c-.2-.2-.4-.3-.7-.3h-11c-.3 0-.5.1-.7.3-.2.2-.3.5-.3.7s.1.5.3.7z\"\/><\/svg><\/span><\/span><\/span><\/a><\/span><\/div>\n<nav><ul class='ez-toc-list ez-toc-list-level-1 eztoc-toggle-hide-by-default' ><li class='ez-toc-page-1 ez-toc-heading-level-3'><a class=\"ez-toc-link ez-toc-heading-1\" href=\"https:\/\/www.xn--spessart-biosphrenreservat-uhc.de\/?page_id=138\/#Verantwortlich_fuer_diese_Homepage_ist\" >Verantwortlich f\u00fcr diese Homepage ist:<\/a><\/li><li class='ez-toc-page-1 ez-toc-heading-level-3'><a class=\"ez-toc-link ez-toc-heading-2\" href=\"https:\/\/www.xn--spessart-biosphrenreservat-uhc.de\/?page_id=138\/#_Haftungsausschluss\" >&nbsp;Haftungsausschluss:<\/a><\/li><li class='ez-toc-page-1 ez-toc-heading-level-3'><a class=\"ez-toc-link ez-toc-heading-3\" href=\"https:\/\/www.xn--spessart-biosphrenreservat-uhc.de\/?page_id=138\/#Urheberrecht_Copyright\" >Urheberrecht \/ Copyright<\/a><\/li><\/ul><\/nav><\/div>\n<h3 class=\"wp-block-heading\"><span class=\"ez-toc-section\" id=\"Verantwortlich_fuer_diese_Homepage_ist\"><\/span>Verantwortlich f\u00fcr diese Homepage ist:<span class=\"ez-toc-section-end\"><\/span><\/h3>\n\n\n\n<p>Ulrich Prantl<br>Wintersbacher Str. 80a<br>63874 Dammbach<\/p>\n\n\n\n<p>eMail: uprantl@spessartbilder.eu<br>Telefon 06092999765<\/p>\n\n\n\n<h3 class=\"wp-block-heading\"><span class=\"ez-toc-section\" id=\"_Haftungsausschluss\"><\/span>&nbsp;Haftungsausschluss:<span class=\"ez-toc-section-end\"><\/span><\/h3>\n\n\n\n<p>Die Inhalte dieser Homepage wurden mit gro\u00dfer Sorgfalt erstellt. F\u00fcr die Richtigkeit, Vollst\u00e4ndigkeit und Aktualit\u00e4t der Inhalte kann ich jedoch keine Gew\u00e4hr \u00fcbernehmen.<\/p>\n\n\n\n<p>Meine Seite enth\u00e4lt auch Links zu externen Webseiten Dritter, auf deren Inhalte ich keinen Einfluss habe. F\u00fcr die Inhalte der verlinkten Seiten ist stets der jeweilige Anbieter oder Betreiber der Seiten verantwortlich. Ich \u00fcbernehme daf\u00fcr keine Haftung.<\/p>\n\n\n\n<h3 class=\"wp-block-heading\"><span class=\"ez-toc-section\" id=\"Urheberrecht_Copyright\"><\/span>Urheberrecht \/ Copyright<span class=\"ez-toc-section-end\"><\/span><\/h3>\n\n\n\n<p>F\u00fcr alle Fotos dieser Seite besitzte ich das Copyright. Die Inhalte diesen Seiten unterliegen dem deutschen Urheberrecht. Downloads und Kopien der Bilder sind nur f\u00fcr den privaten und schulischen, nicht kommerziellen Gebrauch gestattet.<br>Die Vervielf\u00e4ltigung, Bearbeitung, Verbreitung und jede Art der gewerblichen Verwertung der Bilder au\u00dferhalb der Grenzen des Urheberrechtes bed\u00fcrfen meiner schriftlichen Zustimmung, Eine gewerbliche Verwendung liegt insbesondere vor bei Postkarten, Kalendern, Bildb\u00e4nden, Postern und \u00e4hnlichen Objekten. Weiter ausgeschlossen ist die Verwendung in kommerziellen Verlagsprodukten oder anderen Publikationen zu Wiederverkaufszwecken sowie eine Verwendung als gestalterische Unterst\u00fctzung von Waren- und Dienstleistungspr\u00e4sentationen. Bei einer von mir nicht schriftlich genehmigten unzul\u00e4ssigen Verwertung der Bilder stehen mir markt\u00fcbliche Bildhonorare zu. Au\u00dferdem behalte ich mir zus\u00e4tzliche Schadenersatzforderungen vor.<\/p>\n\n\n\n<p>Ulrich Prantl<\/p>\n","protected":false},"excerpt":{"rendered":"<p>Verantwortlich f\u00fcr diese Homepage ist: Ulrich PrantlWintersbacher Str. 80a63874 Dammbach eMail: uprantl@spessartbilder.euTelefon 06092999765 &nbsp;Haftungsausschluss: Die Inhalte dieser Homepage wurden mit gro\u00dfer Sorgfalt erstellt. F\u00fcr die Richtigkeit, Vollst\u00e4ndigkeit und Aktualit\u00e4t der Inhalte kann ich jedoch keine Gew\u00e4hr \u00fcbernehmen. Meine Seite enth\u00e4lt auch Links zu externen Webseiten Dritter, auf deren Inhalte ich keinen Einfluss habe. F\u00fcr die [&hellip;]<\/p>\n","protected":false},"author":1,"featured_media":0,"parent":0,"menu_order":0,"comment_status":"closed","ping_status":"closed","template":"","meta":{"_monsterinsights_skip_tracking":false,"_monsterinsights_sitenote_active":false,"_monsterinsights_sitenote_note":"","_monsterinsights_sitenote_category":0,"footnotes":""},"class_list":["post-138","page","type-page","status-publish","hentry"],"yoast_head":"<!-- This site is optimized with the Yoast SEO plugin v25.6 - https:\/\/yoast.com\/wordpress\/plugins\/seo\/ -->\n<title>Impressum - Biosph&auml;renreservat Spessart<\/title>\n<meta name=\"robots\" content=\"index, follow, max-snippet:-1, max-image-preview:large, max-video-preview:-1\" \/>\n<link rel=\"canonical\" href=\"https:\/\/www.xn--spessart-biosphrenreservat-uhc.de\/?page_id=138\" \/>\n<meta property=\"og:locale\" content=\"de_DE\" \/>\n<meta property=\"og:type\" content=\"article\" \/>\n<meta property=\"og:title\" content=\"Impressum - Biosph&auml;renreservat Spessart\" \/>\n<meta property=\"og:description\" content=\"Verantwortlich f\u00fcr diese Homepage ist: Ulrich PrantlWintersbacher Str. 80a63874 Dammbach eMail: uprantl@spessartbilder.euTelefon 06092999765 &nbsp;Haftungsausschluss: Die Inhalte dieser Homepage wurden mit gro\u00dfer Sorgfalt erstellt. F\u00fcr die Richtigkeit, Vollst\u00e4ndigkeit und Aktualit\u00e4t der Inhalte kann ich jedoch keine Gew\u00e4hr \u00fcbernehmen. Meine Seite enth\u00e4lt auch Links zu externen Webseiten Dritter, auf deren Inhalte ich keinen Einfluss habe. F\u00fcr die [&hellip;]\" \/>\n<meta property=\"og:url\" content=\"https:\/\/www.xn--spessart-biosphrenreservat-uhc.de\/?page_id=138\" \/>\n<meta property=\"og:site_name\" content=\"Biosph&auml;renreservat Spessart\" \/>\n<meta property=\"article:modified_time\" content=\"2023-12-22T15:26:52+00:00\" \/>\n<meta name=\"twitter:card\" content=\"summary_large_image\" \/>\n<meta name=\"twitter:label1\" content=\"Gesch\u00e4tzte Lesezeit\" \/>\n\t<meta name=\"twitter:data1\" content=\"2\u00a0Minuten\" \/>\n<script type=\"application\/ld+json\" class=\"yoast-schema-graph\">{\"@context\":\"https:\/\/schema.org\",\"@graph\":[{\"@type\":\"WebPage\",\"@id\":\"https:\/\/www.xn--spessart-biosphrenreservat-uhc.de\/?page_id=138\",\"url\":\"https:\/\/www.xn--spessart-biosphrenreservat-uhc.de\/?page_id=138\",\"name\":\"Impressum - Biosph&auml;renreservat Spessart\",\"isPartOf\":{\"@id\":\"https:\/\/www.xn--spessart-biosphrenreservat-uhc.de\/#website\"},\"datePublished\":\"2023-12-22T15:26:17+00:00\",\"dateModified\":\"2023-12-22T15:26:52+00:00\",\"breadcrumb\":{\"@id\":\"https:\/\/www.xn--spessart-biosphrenreservat-uhc.de\/?page_id=138#breadcrumb\"},\"inLanguage\":\"de\",\"potentialAction\":[{\"@type\":\"ReadAction\",\"target\":[\"https:\/\/www.xn--spessart-biosphrenreservat-uhc.de\/?page_id=138\"]}]},{\"@type\":\"BreadcrumbList\",\"@id\":\"https:\/\/www.xn--spessart-biosphrenreservat-uhc.de\/?page_id=138#breadcrumb\",\"itemListElement\":[{\"@type\":\"ListItem\",\"position\":1,\"name\":\"Startseite\",\"item\":\"https:\/\/www.xn--spessart-biosphrenreservat-uhc.de\/\"},{\"@type\":\"ListItem\",\"position\":2,\"name\":\"Impressum\"}]},{\"@type\":\"WebSite\",\"@id\":\"https:\/\/www.xn--spessart-biosphrenreservat-uhc.de\/#website\",\"url\":\"https:\/\/www.xn--spessart-biosphrenreservat-uhc.de\/\",\"name\":\"Biosph&auml;renreservat Spessart\",\"description\":\"Fakten und Meinung\",\"potentialAction\":[{\"@type\":\"SearchAction\",\"target\":{\"@type\":\"EntryPoint\",\"urlTemplate\":\"https:\/\/www.xn--spessart-biosphrenreservat-uhc.de\/?s={search_term_string}\"},\"query-input\":{\"@type\":\"PropertyValueSpecification\",\"valueRequired\":true,\"valueName\":\"search_term_string\"}}],\"inLanguage\":\"de\"}]}<\/script>\n<!-- \/ Yoast SEO plugin. -->","yoast_head_json":{"title":"Impressum - Biosph&auml;renreservat Spessart","robots":{"index":"index","follow":"follow","max-snippet":"max-snippet:-1","max-image-preview":"max-image-preview:large","max-video-preview":"max-video-preview:-1"},"canonical":"https:\/\/www.xn--spessart-biosphrenreservat-uhc.de\/?page_id=138","og_locale":"de_DE","og_type":"article","og_title":"Impressum - Biosph&auml;renreservat Spessart","og_description":"Verantwortlich f\u00fcr diese Homepage ist: Ulrich PrantlWintersbacher Str. 80a63874 Dammbach eMail: uprantl@spessartbilder.euTelefon 06092999765 &nbsp;Haftungsausschluss: Die Inhalte dieser Homepage wurden mit gro\u00dfer Sorgfalt erstellt. F\u00fcr die Richtigkeit, Vollst\u00e4ndigkeit und Aktualit\u00e4t der Inhalte kann ich jedoch keine Gew\u00e4hr \u00fcbernehmen. Meine Seite enth\u00e4lt auch Links zu externen Webseiten Dritter, auf deren Inhalte ich keinen Einfluss habe. F\u00fcr die [&hellip;]","og_url":"https:\/\/www.xn--spessart-biosphrenreservat-uhc.de\/?page_id=138","og_site_name":"Biosph&auml;renreservat Spessart","article_modified_time":"2023-12-22T15:26:52+00:00","twitter_card":"summary_large_image","twitter_misc":{"Gesch\u00e4tzte Lesezeit":"2\u00a0Minuten"},"schema":{"@context":"https:\/\/schema.org","@graph":[{"@type":"WebPage","@id":"https:\/\/www.xn--spessart-biosphrenreservat-uhc.de\/?page_id=138","url":"https:\/\/www.xn--spessart-biosphrenreservat-uhc.de\/?page_id=138","name":"Impressum - Biosph&auml;renreservat Spessart","isPartOf":{"@id":"https:\/\/www.xn--spessart-biosphrenreservat-uhc.de\/#website"},"datePublished":"2023-12-22T15:26:17+00:00","dateModified":"2023-12-22T15:26:52+00:00","breadcrumb":{"@id":"https:\/\/www.xn--spessart-biosphrenreservat-uhc.de\/?page_id=138#breadcrumb"},"inLanguage":"de","potentialAction":[{"@type":"ReadAction","target":["https:\/\/www.xn--spessart-biosphrenreservat-uhc.de\/?page_id=138"]}]},{"@type":"BreadcrumbList","@id":"https:\/\/www.xn--spessart-biosphrenreservat-uhc.de\/?page_id=138#breadcrumb","itemListElement":[{"@type":"ListItem","position":1,"name":"Startseite","item":"https:\/\/www.xn--spessart-biosphrenreservat-uhc.de\/"},{"@type":"ListItem","position":2,"name":"Impressum"}]},{"@type":"WebSite","@id":"https:\/\/www.xn--spessart-biosphrenreservat-uhc.de\/#website","url":"https:\/\/www.xn--spessart-biosphrenreservat-uhc.de\/","name":"Biosph&auml;renreservat Spessart","description":"Fakten und Meinung","potentialAction":[{"@type":"SearchAction","target":{"@type":"EntryPoint","urlTemplate":"https:\/\/www.xn--spessart-biosphrenreservat-uhc.de\/?s={search_term_string}"},"query-input":{"@type":"PropertyValueSpecification","valueRequired":true,"valueName":"search_term_string"}}],"inLanguage":"de"}]}},"_links":{"self":[{"href":"https:\/\/www.xn--spessart-biosphrenreservat-uhc.de\/index.php?rest_route=\/wp\/v2\/pages\/138"}],"collection":[{"href":"https:\/\/www.xn--spessart-biosphrenreservat-uhc.de\/index.php?rest_route=\/wp\/v2\/pages"}],"about":[{"href":"https:\/\/www.xn--spessart-biosphrenreservat-uhc.de\/index.php?rest_route=\/wp\/v2\/types\/page"}],"author":[{"embeddable":true,"href":"https:\/\/www.xn--spessart-biosphrenreservat-uhc.de\/index.php?rest_route=\/wp\/v2\/users\/1"}],"replies":[{"embeddable":true,"href":"https:\/\/www.xn--spessart-biosphrenreservat-uhc.de\/index.php?rest_route=%2Fwp%2Fv2%2Fcomments&post=138"}],"version-history":[{"count":1,"href":"https:\/\/www.xn--spessart-biosphrenreservat-uhc.de\/index.php?rest_route=\/wp\/v2\/pages\/138\/revisions"}],"predecessor-version":[{"id":139,"href":"https:\/\/www.xn--spessart-biosphrenreservat-uhc.de\/index.php?rest_route=\/wp\/v2\/pages\/138\/revisions\/139"}],"wp:attachment":[{"href":"https:\/\/www.xn--spessart-biosphrenreservat-uhc.de\/index.php?rest_route=%2Fwp%2Fv2%2Fmedia&parent=138"}],"curies":[{"name":"wp","href":"https:\/\/api.w.org\/{rel}","templated":true}]}}