{"id":89,"date":"2023-12-22T15:19:51","date_gmt":"2023-12-22T15:19:51","guid":{"rendered":"https:\/\/www.xn--spessart-biosphrenreservat-uhc.de\/?page_id=89"},"modified":"2023-12-22T15:22:46","modified_gmt":"2023-12-22T15:22:46","slug":"datenschutzerklaerung","status":"publish","type":"page","link":"https:\/\/www.xn--spessart-biosphrenreservat-uhc.de\/?page_id=89","title":{"rendered":"Datenschutzerkl\u00e4rung"},"content":{"rendered":"\n<p class=\"has-large-font-size\">Es werden von mir keinerlei pers\u00f6nliche Daten meiner Besucher erhoben. Der Besuch dieser Seite erfolgt v\u00f6llig anonym.<\/p>\n\n\n\n<p class=\"has-large-font-size\"><strong>Es gibt kein Kontaktformular<\/strong>; wer mit mir Kontakt aufnehmen will, kann mir eine email schreiben. Diese email wird dann wie alle anderen auch auf meinem Rechner gespeichert, nicht in einer Datenbank und schon gar nicht in einer Datenbank im Internet. <\/p>\n\n\n\n<p class=\"has-large-font-size\">Auf mehrfachen Wunsch habe ich Buttons zum Teilen in sozialen Netzwerken wieder aktiviert. &nbsp;Zum Schutz Ihrer Daten setze ich bei der Implementierung auf die L\u00f6sung \u201eShariff\u201c. Hierdurch werden diese Buttons auf meiner Seite lediglich als statische Grafik eingebunden, die eine Verlinkung auf die entsprechende Website des Anbieters enth\u00e4lt. Durch das Anklicken der Grafik werden Sie somit zu der Website des jeweiligen Anbieters weitergeleitet, genauso wie es auch bei normalen Links funktioniert. Erst beim Aufruf der Website des Anbieters erh\u00e4lt dieser Informationen \u00fcber Sie, wie zum Beispiel Ihre IP-Adresse. Sofern Sie die Button-Grafiken nicht anklicken, findet keinerlei Datenaustausch statt. Informationen \u00fcber die Erhebung und Verwendung Ihrer Daten in den sozialen Netzwerken finden Sie in den jeweiligen Nutzungsbedingungen der entsprechenden Anbieter. Mehr Informationen \u00fcber das Plugin und zur Shariff-L\u00f6sung finden Sie hier:&nbsp;<a rel=\"noreferrer noopener\" href=\"https:\/\/de.wordpress.org\/plugins\/shariff\/\" target=\"_blank\">https:\/\/de.wordpress.org\/plugins\/shariff\/<\/a><\/p>\n\n\n\n<p class=\"has-large-font-size\"><strong>Cookies<\/strong>&nbsp;sind wohl nicht zu vermeiden. Sie werden von meinem Provider, von WordPress und wohl auch Google gesetzt, um die Besucher meiner Seite zu z\u00e4hlen. Wer das nicht will, kann versuchen, in den Einstellungen seines Browsers Cookies auszuschalten oder aber er l\u00e4sst seinen Browser in einer Sandbox laufen. Dann werden die Cookies zwar gesetzt, aber beim Schlie\u00dfen des Browsers auch gleich wieder gel\u00f6scht. Ich kann das Setzen von Cookies durch die obengenannten Organisationen leider nicht verhindern, sie m\u00fcssen mich nicht um Erlaubnis fragen.  <\/p>\n\n\n\n<p class=\"has-large-font-size\"><strong>Logfiles:<\/strong>&nbsp;Beim Besuch dieser Website werden von meinem Provider nur allgemeine technische Informationen gespeichert, die an ihn vom Browser des Besuchers \u00fcbermittelt werden. Dies sind die bei spessart1.de besuchte Seite(n), verwendete IP-Adresse,&nbsp;Datum und Uhrzeit des Zugriffs,&nbsp;Dauer des Besuchs,&nbsp;Browsertyp,&nbsp;die Herkunftsseite und das verwendetes Betriebssystem.&nbsp;Diese Nutzungsdaten werden technisch bedingt in einem Logfile registriert (sog. \u201cServer-Logfiles\u201d) und k\u00f6nnen zum Zwecke der Statistikauswertung dieser Website benutzt und gespeichert werden. Eine Weitergabe oder anderweitige Verwendung findet nicht statt, es sei denn zur Strafverfolgung nach Anweisung eines Richters. Ich behalte mir allerdings vor, die Server-Logfiles nachtr\u00e4glich zu \u00fcberpr\u00fcfen, sollten konkrete Anhaltspunkte auf eine rechtswidrige Nutzung hinweisen.<\/p>\n","protected":false},"excerpt":{"rendered":"<p>Es werden von mir keinerlei pers\u00f6nliche Daten meiner Besucher erhoben. Der Besuch dieser Seite erfolgt v\u00f6llig anonym. Es gibt kein Kontaktformular; wer mit mir Kontakt aufnehmen will, kann mir eine email schreiben. Diese email wird dann wie alle anderen auch auf meinem Rechner gespeichert, nicht in einer Datenbank und schon gar nicht in einer Datenbank [&hellip;]<\/p>\n","protected":false},"author":1,"featured_media":0,"parent":0,"menu_order":0,"comment_status":"closed","ping_status":"closed","template":"","meta":{"_monsterinsights_skip_tracking":false,"_monsterinsights_sitenote_active":false,"_monsterinsights_sitenote_note":"","_monsterinsights_sitenote_category":0,"footnotes":""},"class_list":["post-89","page","type-page","status-publish","hentry"],"yoast_head":"<!-- This site is optimized with the Yoast SEO plugin v25.6 - https:\/\/yoast.com\/wordpress\/plugins\/seo\/ -->\n<title>Datenschutzerkl\u00e4rung - Biosph&auml;renreservat Spessart<\/title>\n<meta name=\"robots\" content=\"index, follow, max-snippet:-1, max-image-preview:large, max-video-preview:-1\" \/>\n<link rel=\"canonical\" href=\"https:\/\/www.xn--spessart-biosphrenreservat-uhc.de\/?page_id=89\" \/>\n<meta property=\"og:locale\" content=\"de_DE\" \/>\n<meta property=\"og:type\" content=\"article\" \/>\n<meta property=\"og:title\" content=\"Datenschutzerkl\u00e4rung - Biosph&auml;renreservat Spessart\" \/>\n<meta property=\"og:description\" content=\"Es werden von mir keinerlei pers\u00f6nliche Daten meiner Besucher erhoben. Der Besuch dieser Seite erfolgt v\u00f6llig anonym. Es gibt kein Kontaktformular; wer mit mir Kontakt aufnehmen will, kann mir eine email schreiben. Diese email wird dann wie alle anderen auch auf meinem Rechner gespeichert, nicht in einer Datenbank und schon gar nicht in einer Datenbank [&hellip;]\" \/>\n<meta property=\"og:url\" content=\"https:\/\/www.xn--spessart-biosphrenreservat-uhc.de\/?page_id=89\" \/>\n<meta property=\"og:site_name\" content=\"Biosph&auml;renreservat Spessart\" \/>\n<meta property=\"article:modified_time\" content=\"2023-12-22T15:22:46+00:00\" \/>\n<meta name=\"twitter:card\" content=\"summary_large_image\" \/>\n<meta name=\"twitter:label1\" content=\"Gesch\u00e4tzte Lesezeit\" \/>\n\t<meta name=\"twitter:data1\" content=\"3\u00a0Minuten\" \/>\n<script type=\"application\/ld+json\" class=\"yoast-schema-graph\">{\"@context\":\"https:\/\/schema.org\",\"@graph\":[{\"@type\":\"WebPage\",\"@id\":\"https:\/\/www.xn--spessart-biosphrenreservat-uhc.de\/?page_id=89\",\"url\":\"https:\/\/www.xn--spessart-biosphrenreservat-uhc.de\/?page_id=89\",\"name\":\"Datenschutzerkl\u00e4rung - Biosph&auml;renreservat Spessart\",\"isPartOf\":{\"@id\":\"https:\/\/www.xn--spessart-biosphrenreservat-uhc.de\/#website\"},\"datePublished\":\"2023-12-22T15:19:51+00:00\",\"dateModified\":\"2023-12-22T15:22:46+00:00\",\"breadcrumb\":{\"@id\":\"https:\/\/www.xn--spessart-biosphrenreservat-uhc.de\/?page_id=89#breadcrumb\"},\"inLanguage\":\"de\",\"potentialAction\":[{\"@type\":\"ReadAction\",\"target\":[\"https:\/\/www.xn--spessart-biosphrenreservat-uhc.de\/?page_id=89\"]}]},{\"@type\":\"BreadcrumbList\",\"@id\":\"https:\/\/www.xn--spessart-biosphrenreservat-uhc.de\/?page_id=89#breadcrumb\",\"itemListElement\":[{\"@type\":\"ListItem\",\"position\":1,\"name\":\"Startseite\",\"item\":\"https:\/\/www.xn--spessart-biosphrenreservat-uhc.de\/\"},{\"@type\":\"ListItem\",\"position\":2,\"name\":\"Datenschutzerkl\u00e4rung\"}]},{\"@type\":\"WebSite\",\"@id\":\"https:\/\/www.xn--spessart-biosphrenreservat-uhc.de\/#website\",\"url\":\"https:\/\/www.xn--spessart-biosphrenreservat-uhc.de\/\",\"name\":\"Biosph&auml;renreservat Spessart\",\"description\":\"Fakten und Meinung\",\"potentialAction\":[{\"@type\":\"SearchAction\",\"target\":{\"@type\":\"EntryPoint\",\"urlTemplate\":\"https:\/\/www.xn--spessart-biosphrenreservat-uhc.de\/?s={search_term_string}\"},\"query-input\":{\"@type\":\"PropertyValueSpecification\",\"valueRequired\":true,\"valueName\":\"search_term_string\"}}],\"inLanguage\":\"de\"}]}<\/script>\n<!-- \/ Yoast SEO plugin. -->","yoast_head_json":{"title":"Datenschutzerkl\u00e4rung - Biosph&auml;renreservat Spessart","robots":{"index":"index","follow":"follow","max-snippet":"max-snippet:-1","max-image-preview":"max-image-preview:large","max-video-preview":"max-video-preview:-1"},"canonical":"https:\/\/www.xn--spessart-biosphrenreservat-uhc.de\/?page_id=89","og_locale":"de_DE","og_type":"article","og_title":"Datenschutzerkl\u00e4rung - Biosph&auml;renreservat Spessart","og_description":"Es werden von mir keinerlei pers\u00f6nliche Daten meiner Besucher erhoben. Der Besuch dieser Seite erfolgt v\u00f6llig anonym. Es gibt kein Kontaktformular; wer mit mir Kontakt aufnehmen will, kann mir eine email schreiben. Diese email wird dann wie alle anderen auch auf meinem Rechner gespeichert, nicht in einer Datenbank und schon gar nicht in einer Datenbank [&hellip;]","og_url":"https:\/\/www.xn--spessart-biosphrenreservat-uhc.de\/?page_id=89","og_site_name":"Biosph&auml;renreservat Spessart","article_modified_time":"2023-12-22T15:22:46+00:00","twitter_card":"summary_large_image","twitter_misc":{"Gesch\u00e4tzte Lesezeit":"3\u00a0Minuten"},"schema":{"@context":"https:\/\/schema.org","@graph":[{"@type":"WebPage","@id":"https:\/\/www.xn--spessart-biosphrenreservat-uhc.de\/?page_id=89","url":"https:\/\/www.xn--spessart-biosphrenreservat-uhc.de\/?page_id=89","name":"Datenschutzerkl\u00e4rung - Biosph&auml;renreservat Spessart","isPartOf":{"@id":"https:\/\/www.xn--spessart-biosphrenreservat-uhc.de\/#website"},"datePublished":"2023-12-22T15:19:51+00:00","dateModified":"2023-12-22T15:22:46+00:00","breadcrumb":{"@id":"https:\/\/www.xn--spessart-biosphrenreservat-uhc.de\/?page_id=89#breadcrumb"},"inLanguage":"de","potentialAction":[{"@type":"ReadAction","target":["https:\/\/www.xn--spessart-biosphrenreservat-uhc.de\/?page_id=89"]}]},{"@type":"BreadcrumbList","@id":"https:\/\/www.xn--spessart-biosphrenreservat-uhc.de\/?page_id=89#breadcrumb","itemListElement":[{"@type":"ListItem","position":1,"name":"Startseite","item":"https:\/\/www.xn--spessart-biosphrenreservat-uhc.de\/"},{"@type":"ListItem","position":2,"name":"Datenschutzerkl\u00e4rung"}]},{"@type":"WebSite","@id":"https:\/\/www.xn--spessart-biosphrenreservat-uhc.de\/#website","url":"https:\/\/www.xn--spessart-biosphrenreservat-uhc.de\/","name":"Biosph&auml;renreservat Spessart","description":"Fakten und Meinung","potentialAction":[{"@type":"SearchAction","target":{"@type":"EntryPoint","urlTemplate":"https:\/\/www.xn--spessart-biosphrenreservat-uhc.de\/?s={search_term_string}"},"query-input":{"@type":"PropertyValueSpecification","valueRequired":true,"valueName":"search_term_string"}}],"inLanguage":"de"}]}},"_links":{"self":[{"href":"https:\/\/www.xn--spessart-biosphrenreservat-uhc.de\/index.php?rest_route=\/wp\/v2\/pages\/89"}],"collection":[{"href":"https:\/\/www.xn--spessart-biosphrenreservat-uhc.de\/index.php?rest_route=\/wp\/v2\/pages"}],"about":[{"href":"https:\/\/www.xn--spessart-biosphrenreservat-uhc.de\/index.php?rest_route=\/wp\/v2\/types\/page"}],"author":[{"embeddable":true,"href":"https:\/\/www.xn--spessart-biosphrenreservat-uhc.de\/index.php?rest_route=\/wp\/v2\/users\/1"}],"replies":[{"embeddable":true,"href":"https:\/\/www.xn--spessart-biosphrenreservat-uhc.de\/index.php?rest_route=%2Fwp%2Fv2%2Fcomments&post=89"}],"version-history":[{"count":1,"href":"https:\/\/www.xn--spessart-biosphrenreservat-uhc.de\/index.php?rest_route=\/wp\/v2\/pages\/89\/revisions"}],"predecessor-version":[{"id":136,"href":"https:\/\/www.xn--spessart-biosphrenreservat-uhc.de\/index.php?rest_route=\/wp\/v2\/pages\/89\/revisions\/136"}],"wp:attachment":[{"href":"https:\/\/www.xn--spessart-biosphrenreservat-uhc.de\/index.php?rest_route=%2Fwp%2Fv2%2Fmedia&parent=89"}],"curies":[{"name":"wp","href":"https:\/\/api.w.org\/{rel}","templated":true}]}}